{"id":615,"date":"2024-10-12T13:26:57","date_gmt":"2024-10-12T12:26:57","guid":{"rendered":"http:\/\/www.finnerikvinje.no\/tunhovdfjorden\/?page_id=615"},"modified":"2024-10-12T13:26:57","modified_gmt":"2024-10-12T12:26:57","slug":"et-tilbakeblikk","status":"publish","type":"page","link":"http:\/\/www.finnerikvinje.no\/tunhovdfjorden\/?page_id=615","title":{"rendered":"Et tilbakeblikk"},"content":{"rendered":"<p>Det var p\u00e5 sommeren 1976, og stedet var Tunhovdfjordens strender. Vi hadde sommerferie, v\u00e6ret var godt, og barna n\u00f8t ferielivets gleder.<br \/>\nDet var s\u00e5 mye som var knyttet til fjorden, og v\u00e5r r\u00f8de plastrob\u00e5t, som jeg hadde lagt p\u00e5 biltaket og fraktet fra B\u00e6rum, var basis for lek og moro. Selv vanntemperaturen var brukbar. (Det er bare \u00e5 venne seg, sa familiens overhode.)<br \/>\nMen det var roing jeg skule skrive om. Det g\u00e5r ikke an \u00e5 ferdes p\u00e5 disse uten \u00e5 ha adgang til rob\u00e5t. Og familien Pedersen Pedersen inne i bukta hadde endatil akkurat slik rob\u00e5t som vi.<br \/>\nDet var p\u00e5 denne tid stadig vennskapelige og interessante ro-regattaer for  disse familiene.<br \/>\nV\u00e5r Vetle vant som regel, og han h\u00f8rte om br\u00f8drene Frank og Alf Hansen fra Kampen i Oslo  &#8211; de rodde den sommeren ikke p\u00e5 Tunhovdfjorden, men i storinternasjonal konkurranse i Montreal &#8211; og vant gull!<br \/>\nVetle lyttet med bgeistring p\u00e5 reportasjen og besteme seg for \u00e5 bli konkurranseroer, han ogs\u00e5.Og i 1887, i olympiaden i Seoul,  satt Vetle p\u00e5 Norges lag i dobbeltfirereren- og fikk s\u00f8lv! Og det hele begynte ved Tunhovdfjoren.<\/p>\n","protected":false},"excerpt":{"rendered":"<p>Det var p\u00e5 sommeren 1976, og stedet var Tunhovdfjordens strender. Vi hadde sommerferie, v\u00e6ret var godt, og barna n\u00f8t ferielivets gleder. Det var s\u00e5 mye som var knyttet til fjorden, og v\u00e5r r\u00f8de plastrob\u00e5t, som jeg hadde lagt p\u00e5 biltaket og fraktet fra B\u00e6rum, var basis for lek og moro. Selv vanntemperaturen var brukbar. (Det [&hellip;]<\/p>\n","protected":false},"author":2,"featured_media":0,"parent":0,"menu_order":0,"comment_status":"closed","ping_status":"closed","template":"","meta":{"_monsterinsights_skip_tracking":false,"_monsterinsights_sitenote_active":false,"_monsterinsights_sitenote_note":"","_monsterinsights_sitenote_category":0,"footnotes":""},"class_list":["post-615","page","type-page","status-publish","hentry"],"_links":{"self":[{"href":"http:\/\/www.finnerikvinje.no\/tunhovdfjorden\/index.php?rest_route=\/wp\/v2\/pages\/615"}],"collection":[{"href":"http:\/\/www.finnerikvinje.no\/tunhovdfjorden\/index.php?rest_route=\/wp\/v2\/pages"}],"about":[{"href":"http:\/\/www.finnerikvinje.no\/tunhovdfjorden\/index.php?rest_route=\/wp\/v2\/types\/page"}],"author":[{"embeddable":true,"href":"http:\/\/www.finnerikvinje.no\/tunhovdfjorden\/index.php?rest_route=\/wp\/v2\/users\/2"}],"replies":[{"embeddable":true,"href":"http:\/\/www.finnerikvinje.no\/tunhovdfjorden\/index.php?rest_route=%2Fwp%2Fv2%2Fcomments&post=615"}],"version-history":[{"count":1,"href":"http:\/\/www.finnerikvinje.no\/tunhovdfjorden\/index.php?rest_route=\/wp\/v2\/pages\/615\/revisions"}],"predecessor-version":[{"id":616,"href":"http:\/\/www.finnerikvinje.no\/tunhovdfjorden\/index.php?rest_route=\/wp\/v2\/pages\/615\/revisions\/616"}],"wp:attachment":[{"href":"http:\/\/www.finnerikvinje.no\/tunhovdfjorden\/index.php?rest_route=%2Fwp%2Fv2%2Fmedia&parent=615"}],"curies":[{"name":"wp","href":"https:\/\/api.w.org\/{rel}","templated":true}]}}