{"id":2,"date":"2009-01-24T10:41:18","date_gmt":"2009-01-24T09:41:18","guid":{"rendered":"http:\/\/www.finnerikvinje.no\/tunhovdfjord\/?page_id=2"},"modified":"2009-04-16T23:07:42","modified_gmt":"2009-04-16T22:07:42","slug":"about","status":"publish","type":"page","link":"http:\/\/www.finnerikvinje.no\/tunhovdfjorden\/?page_id=2","title":{"rendered":"Styret"},"content":{"rendered":"<p>DET SITTENDE STYRE<\/p>\n<p>Tunhovdfjordens venner ledes av et styre best\u00e5ende av formann, sekret\u00e6r, kasserer og tre styremedlemmer. Styret velges for to \u00e5r om gangen og kan gjenvelges.<\/p>\n<p>Det sittende styre har f\u00f8lgende medlemmer:<\/p>\n<p>Finn-Erik Vinje, formann. Tlf. 67 12 11 13 eller (mob.) 913 84 098.<br \/>\nPostadresse: Dagaliv. 2, 1356 Bekkestua. E-postadresse: <a href=\"mailto:f.e.vinje@iln.uio.no\">f.e.vinje@iln.uio.no<\/a><\/p>\n<p>Halvor Bj\u00f8rnsrud, sekret\u00e6r. Tlf.\u00a0 32 84 57 80\u00a0 eller (mob.) 952 05 968.<br \/>\nPostadresse: Grindene 2 H, 3408 Tranby. E-postadresse: <a href=\"mailto:halvor.bjornsrud@lifi.no\">halvor.bjornsrud@lifi.no<\/a><\/p>\n<p>Ole J\u00f8rgen Hallingstad, kasserer. Tlf. 32 74 46 83 eller (mob.) 924 63 151.<br \/>\nPostadresse: Tunhovd, 3540 Nesbyen. E-postadresse:\u00a0 <a href=\"mailto:olej@hallingstad.net\">olej@hallingstad.net<\/a><\/p>\n<p>Arnt Jacobsen, styremedlem. Tlf. 32 74 12 84 eller (mob.) 95 04 27 30.<br \/>\nPostadresse: 3630 R\u00f8dberg. E-postadresse: <a href=\"mailto:arnt.jacobsen@gmail.com\">arnt.jacobsen@gmail.com<\/a><\/p>\n<p>Knut Kolstad, styremedlem. Tlf. 32 74 41 50 (jobb) eller 32 74 41 58 (privat) eller 91 35 23 13 (mob.) Postadresse: 3630 R\u00f8dberg. E-postadresse: <a href=\"mailto:post@nore-laft.no\">post@nore-laft.no<\/a><br \/>\nPostadresse: \u00d8ygardsgrend, 3630 R\u00f8dberg<\/p>\n<p>John Stordalen, styremedlem. Tlf. (mob.) 909 40 747.<br \/>\nPostadresse: Olavs gate 26, 3612 Kongsberg. E-postadresse: <a href=\"mailto:johhelg@online.no\">johhelg@online.no<\/a><\/p>\n<p>Foreningens kontonummer er 2351.71.10388.<\/p>\n<p>Medlemmene av Tunhovdfjordens venner oppfordres til \u00e5 ta kontakt med dem som sitter i styret.<\/p>\n","protected":false},"excerpt":{"rendered":"<p>DET SITTENDE STYRE Tunhovdfjordens venner ledes av et styre best\u00e5ende av formann, sekret\u00e6r, kasserer og tre styremedlemmer. Styret velges for to \u00e5r om gangen og kan gjenvelges. Det sittende styre har f\u00f8lgende medlemmer: Finn-Erik Vinje, formann. Tlf. 67 12 11 13 eller (mob.) 913 84 098. Postadresse: Dagaliv. 2, 1356 Bekkestua. E-postadresse: f.e.vinje@iln.uio.no Halvor Bj\u00f8rnsrud, [&hellip;]<\/p>\n","protected":false},"author":1,"featured_media":0,"parent":0,"menu_order":0,"comment_status":"open","ping_status":"open","template":"","meta":{"_monsterinsights_skip_tracking":false,"_monsterinsights_sitenote_active":false,"_monsterinsights_sitenote_note":"","_monsterinsights_sitenote_category":0,"footnotes":""},"class_list":["post-2","page","type-page","status-publish","hentry"],"_links":{"self":[{"href":"http:\/\/www.finnerikvinje.no\/tunhovdfjorden\/index.php?rest_route=\/wp\/v2\/pages\/2"}],"collection":[{"href":"http:\/\/www.finnerikvinje.no\/tunhovdfjorden\/index.php?rest_route=\/wp\/v2\/pages"}],"about":[{"href":"http:\/\/www.finnerikvinje.no\/tunhovdfjorden\/index.php?rest_route=\/wp\/v2\/types\/page"}],"author":[{"embeddable":true,"href":"http:\/\/www.finnerikvinje.no\/tunhovdfjorden\/index.php?rest_route=\/wp\/v2\/users\/1"}],"replies":[{"embeddable":true,"href":"http:\/\/www.finnerikvinje.no\/tunhovdfjorden\/index.php?rest_route=%2Fwp%2Fv2%2Fcomments&post=2"}],"version-history":[{"count":5,"href":"http:\/\/www.finnerikvinje.no\/tunhovdfjorden\/index.php?rest_route=\/wp\/v2\/pages\/2\/revisions"}],"predecessor-version":[{"id":37,"href":"http:\/\/www.finnerikvinje.no\/tunhovdfjorden\/index.php?rest_route=\/wp\/v2\/pages\/2\/revisions\/37"}],"wp:attachment":[{"href":"http:\/\/www.finnerikvinje.no\/tunhovdfjorden\/index.php?rest_route=%2Fwp%2Fv2%2Fmedia&parent=2"}],"curies":[{"name":"wp","href":"https:\/\/api.w.org\/{rel}","templated":true}]}}