{"id":18,"date":"2009-01-24T11:14:34","date_gmt":"2009-01-24T10:14:34","guid":{"rendered":"http:\/\/www.finnerikvinje.no\/tunhovdfjord\/?page_id=18"},"modified":"2009-04-14T17:45:04","modified_gmt":"2009-04-14T16:45:04","slug":"m%c3%b8te-med-kommunen","status":"publish","type":"page","link":"http:\/\/www.finnerikvinje.no\/tunhovdfjorden\/?page_id=18","title":{"rendered":"M\u00f8te med kommunen"},"content":{"rendered":"<p>M\u00d8TE\u00a0 MED NORE OG UVDAL KOMMUNE OG\u00a0 NLB<\/p>\n<p>R\u00d8DBERG 5.11.2008<\/p>\n<p>Som oppf\u00f8lging av m\u00f8tet med LVK (Landssamanslutninga av vassdragskommunar) i Oslo i august 2008 har ordf\u00f8reren i Nore og Uvdal, Kirsten Gjestemoen Hovda, innkalt til et samr\u00e5dingsm\u00f8te p\u00e5 R\u00f8dberg den 5.11.08, der representanter for Tunhovdfjordens venner skal m\u00f8te Jan Gaute Bjerke og Nils Runar Sporan fra NLB.<\/p>\n<p>Hensikten med m\u00f8tet er \u00e5 bringe til veie l\u00f8pende opplysninger om fyllingsgraden i fjorden og man\u00f8vreringspraksis i lys av gjeldende bestemmelser.<\/p>\n<p>Fra Tunhovdfjorens venner vil styremedlemmene Ole J\u00f8rgen Hallingstad (som ogs\u00e5 var med p\u00e5 m\u00f8tet i august) og Arnt Jacobsen delta; b\u00e5de Hallingstad og Jacobsen er medlemmer av Nore oig Uvdal kommunestyre. M\u00f8tet blir ledet av ordf\u00f8rer Hovda og holdes p\u00e5 hennes kontor.<\/p>\n<p>Referat skal kunngj\u00f8res her p\u00e5 Tunhovdfjordens venners hjemmeside.<\/p>\n<p>REFERAT FRA M\u00d8TE MED NORE OG UVDAL KOMMUNE OG NLB P\u00c5 R\u00d8DBERG 5.11.2008<\/p>\n<p>Som nevnt ovenfor hadde ordf\u00f8rer Kirsten Gjestemoen Hovda innkalt til et samr\u00e5dingsm\u00f8te p\u00e5 sitt kontor &#8212; en direkte oppf\u00f8lging av det m\u00f8te som ble holdt i Oslo i august.\u00a0 For Tunhovdfjordens venner m\u00f8tte denne gang Arnt Jacobsen, Ole J\u00f8rgen Hallingstad og Finn-Erik Vinje.<\/p>\n<p>Jan Gaute Bjerke og Nils Runar Sporan fra NLB redegjorde grundig og med instruktive grafiske framstillinger for m\u00e5linger av vannstanden i fjorden og for vannf\u00f8ringen i L\u00e5gen. De gav dessuten informasjon om man\u00f8vreringsreglementet og praktiseringen av det.\u00a0 For \u00f8vrig gjorde de oppmerksom p\u00e5 at m\u00e5lingene blir fortl\u00f8pende offentliggjort p\u00e5 NBLs hjemmeside.<\/p>\n<p>Bjerke og Sporan framholdt at det i denne saken er mange motstridende interesser, og at NBL ikke kan gj\u00f8re mer enn \u00e5 f\u00f8lge de anvisninger som gis p\u00e5 sentralt politisk hold. Ogs\u00e5 ordf\u00f8rer Hovda pekte p\u00e5 det motsetningsfylte bilde av som tegner seg n\u00e5r man dr\u00f8fter kj\u00f8rem\u00f8nsteret i kraftproduksjonen.<\/p>\n<p>Tunhovdfjordens venner fremmer p\u00e5 sin side natur- og landskapsverninteresser, og framholder at verdien av naturopplevelser er like reell og\u00a0 berettiget som materielle hensyn.\u00a0 Grasrotoppr\u00f8ret i 2006, som kulminerte i folkem\u00f8tet i juni det \u00e5ret, var en manifestasjon av viljen til \u00e5 forsvare en slik rett til vern av landskapet.<\/p>\n<p>I 2004 kom det en NOU-utredning om &#8220;Lov om bevaring av natur, landskap og biologisk mangfold&#8221;, og det blir presisert at form\u00e5let med landskapsvern er &#8220;\u00e5 bevare egenarttet eller vakkert natur- eller kulturlandskap&#8221;. \u00c5 hindre at Tunhovdfjorden fra tid til annen forvandles til en stein\u00f8rken, er landskapsvern.<\/p>\n<p>Sentralt i diskusjonen p\u00e5 m\u00f8tet stod sp\u00f8rsm\u00e5let om revisjon av det\u00a0 man\u00f8vreringsreglement som ble vedtatt i 2001. En revisjon kan komme p\u00e5 tale i\u00a0 2011, og fra Tunhovdfjordens venner ble det ytret \u00f8nske om at Nore og Uvdal kommune engasjerte seg i et forberedende arbeid. Et utredningsarbeid vil overstige de \u00f8konomiske muligheter Tunhovdfjordens venner har. Ordf\u00f8rer Hovda tar n\u00e5 kontakt med NVEs konsesjonsavdeling (Rune Flatby) for \u00e5 dr\u00f8fte framgangsveier for en mulig revisjon.<\/p>\n<p>Tunhovdfjordens venner framholder at konsesjonsvilk\u00e5rene \u00e5pner for slik revisjon n\u00e5r det gjeldende reglement viser seg \u00e5 ha uheldige konsekvenser. For \u00f8vrig ble det minnet om at\u00a0 milj\u00f8- og landskapsvern har f\u00e5tt en mye sterkere stilling i den alminnelige politiske debatt siden konsesjonen ble gitt i 2001, og at det er lettere \u00e5 vinne geh\u00f8r for naturvernhensyn i dag enn da.<\/p>\n<p>Mer konkret ble det fra Tunhovdfjordens venner minnet om at NBL er p\u00e5lagt \u00e5 sette opp tydelige vannstandsmerker ved fjorden. Det vannstandsmerke som n\u00e5 st\u00e5r der (ved dammen), er vanskelig \u00e5 finne. Tunhovdfjordens venner ber n\u00e5 om at det blir satt opp flere og tydeligere vannstandsmerker ved fjorden, og NBL ber oss foresl\u00e5 steder (p\u00e5 begge sider av fjorden) der slike merker\u00a0 passende kan plasseres. Styret i Tunhovdfjordens venner oppfordrer medlemmene til \u00e5 komme med forslag om hvor merkene kan st\u00e5.<\/p>\n<p>Det framkom ogs\u00e5 \u00f8nsker om at NBL legger varselsb\u00f8yer p\u00e5 grunner\u00a0 i fjorden; mange som ferdes med motorb\u00e5t der, kjenner ikke grunnforholdene og utsetter seg for fare..<\/p>\n<p>FEV<br \/>\n2008-11-06<\/p>\n","protected":false},"excerpt":{"rendered":"<p>M\u00d8TE\u00a0 MED NORE OG UVDAL KOMMUNE OG\u00a0 NLB R\u00d8DBERG 5.11.2008 Som oppf\u00f8lging av m\u00f8tet med LVK (Landssamanslutninga av vassdragskommunar) i Oslo i august 2008 har ordf\u00f8reren i Nore og Uvdal, Kirsten Gjestemoen Hovda, innkalt til et samr\u00e5dingsm\u00f8te p\u00e5 R\u00f8dberg den 5.11.08, der representanter for Tunhovdfjordens venner skal m\u00f8te Jan Gaute Bjerke og Nils Runar Sporan [&hellip;]<\/p>\n","protected":false},"author":1,"featured_media":0,"parent":2,"menu_order":2,"comment_status":"open","ping_status":"open","template":"","meta":{"_monsterinsights_skip_tracking":false,"_monsterinsights_sitenote_active":false,"_monsterinsights_sitenote_note":"","_monsterinsights_sitenote_category":0,"footnotes":""},"class_list":["post-18","page","type-page","status-publish","hentry"],"_links":{"self":[{"href":"http:\/\/www.finnerikvinje.no\/tunhovdfjorden\/index.php?rest_route=\/wp\/v2\/pages\/18"}],"collection":[{"href":"http:\/\/www.finnerikvinje.no\/tunhovdfjorden\/index.php?rest_route=\/wp\/v2\/pages"}],"about":[{"href":"http:\/\/www.finnerikvinje.no\/tunhovdfjorden\/index.php?rest_route=\/wp\/v2\/types\/page"}],"author":[{"embeddable":true,"href":"http:\/\/www.finnerikvinje.no\/tunhovdfjorden\/index.php?rest_route=\/wp\/v2\/users\/1"}],"replies":[{"embeddable":true,"href":"http:\/\/www.finnerikvinje.no\/tunhovdfjorden\/index.php?rest_route=%2Fwp%2Fv2%2Fcomments&post=18"}],"version-history":[{"count":2,"href":"http:\/\/www.finnerikvinje.no\/tunhovdfjorden\/index.php?rest_route=\/wp\/v2\/pages\/18\/revisions"}],"predecessor-version":[{"id":159,"href":"http:\/\/www.finnerikvinje.no\/tunhovdfjorden\/index.php?rest_route=\/wp\/v2\/pages\/18\/revisions\/159"}],"up":[{"embeddable":true,"href":"http:\/\/www.finnerikvinje.no\/tunhovdfjorden\/index.php?rest_route=\/wp\/v2\/pages\/2"}],"wp:attachment":[{"href":"http:\/\/www.finnerikvinje.no\/tunhovdfjorden\/index.php?rest_route=%2Fwp%2Fv2%2Fmedia&parent=18"}],"curies":[{"name":"wp","href":"https:\/\/api.w.org\/{rel}","templated":true}]}}