{"id":14,"date":"2009-01-24T11:13:18","date_gmt":"2009-01-24T10:13:18","guid":{"rendered":"http:\/\/www.finnerikvinje.no\/tunhovdfjord\/?page_id=14"},"modified":"2009-04-14T17:49:37","modified_gmt":"2009-04-14T16:49:37","slug":"referat-styrem%c3%b8te-210308","status":"publish","type":"page","link":"http:\/\/www.finnerikvinje.no\/tunhovdfjorden\/?page_id=14","title":{"rendered":"Referat styrem\u00f8te 21.03.08"},"content":{"rendered":"<p>STYREM\u00d8TE 21. MARS 2008 KL. 1800 P\u00c5\u00a0 FJELLVANG<\/p>\n<p>Dagsorden:<\/p>\n<p>Virksomheten hittil og arbeidsoppgaver framover. Forberedelse til et eventuelt m\u00f8te med LVK.<\/p>\n<p>Kontingent.<\/p>\n<p>Eventuelt.<\/p>\n<p>Finn-Erik Vinje<\/p>\n<p>Tunhovdfjordens venner<\/p>\n<p>&#8211;\u00a0\u00a0\u00a0\u00a0\u00a0\u00a0\u00a0 Referat fra styrem\u00f8te<\/p>\n<p>Dato og klokkeslett:<\/p>\n<p>21. mars 2008 kl 1800 \u2013 2015<\/p>\n<p>Sted:<\/p>\n<p>Fjellvang i \u00d8ygardsgrend<\/p>\n<p>Til stede:<\/p>\n<p>Finn-Erik Vinje, Arnt Jacobsen, Ole J\u00f8rgen Hallingstad, John Stordalen og Halvor Bj\u00f8rnsrud<\/p>\n<p>Informasjon<\/p>\n<p>Formannen informerte om hjemmesiden til Tunhovdfjordens venner. Nettadressen blir gjort kjent p\u00e5 ulike m\u00e5ter. Slik hjemmesiden framst\u00e5r n\u00e5 er den oversiktlig og fint utformet. Styrets medlemmer b\u00f8r p\u00e5 sikt kunne redigere inn nytt stoff p\u00e5 hjemmesiden.<\/p>\n<p>Tunhovdfjordens venner er av forrige ordf\u00f8rer blitt lovet et m\u00f8te med kommunen og\u00a0 LVK. Formannen tar kontakt med n\u00e5v\u00e6rende ordf\u00f8rer i kommunen for i f\u00f8rste runde \u00e5 ha et m\u00f8te med representanter fra kommunen.<\/p>\n<p>Frist for s\u00f8knad om kulturmidler fra Nore og Uvdal kommune er satt til 15. april. Formannen skriver og sender s\u00f8knad.<\/p>\n<p>Kan vi f\u00e5 solgt reklame til 300 kr pr stk? Slik reklame kan ligge ute p\u00e5 v\u00e5r hjemmeside med tekst fra det lokale n\u00e6ringsliv (eks Langedrag, butikkene i \u00d8ygardgrend og Tunhovd).<\/p>\n<p>Sak 1 \u00c5rskontingent<\/p>\n<p>Vedtak: \u00c5rskontingent heves til 100 kr pr medlem. Medlemstallet er n\u00e5 i underkant av 200 personer. Kasserer skriver ut medlemslister og sender ut krav om innbetaling av \u00e5rskontingent.<\/p>\n<p>Sak 2 Aktiviteten framover<\/p>\n<p>Viktig at styret holder seg oppdatert om konsesjonsbestemmelsene og lakseinteressene.<\/p>\n<p>Styret \u00f8nsker en m\u00e5ler p\u00e5 v\u00e5r hjemmeside som viser vannstand i Tunhovdfjorden og vannf\u00f8ring i Numedalsl\u00e5gen ved Labro. John Stordalen tar kontakt med Jan Gaute Bjerke for \u00e5 sp\u00f8rre om dette er mulig.<\/p>\n<p>Det er kommet en foresp\u00f8rsel fra et av medlemmene om r\u00e5kj\u00f8ring p\u00e5 Vestsideveien. John Stordalen tar kontakt med veiens styre for \u00e5 sp\u00f8rre om det er mulig \u00e5 f\u00e5 oppe et skilt med fartsgrense p\u00e5 40 km.<\/p>\n<p>Det b\u00f8r v\u00e6re mulig med et mer omfattende l\u00f8ypenett for ski i omr\u00e5det. John Stordalen tar kontakt med Finn Lund eller Hans J\u00f8rgen Jahren for \u00e5 unders\u00f8ke hvilke muligheter som finnes for forbedringer.<\/p>\n<p>Det blir medlemsm\u00f8te p\u00e5 grendehuset i \u00d8ygardsgrend l\u00f8rdag 28. juni kl 1800. Lidvard Hytta inviteres til \u00e5 holde et aktuelt foredrag med selvvalgt tema. Sekret\u00e6ren gj\u00f8r avtale. Stortingsrepresentant Terje Lien Aasland og ordf\u00f8rer Kirsten G. Hovda inviteres. Formannen gj\u00f8r avtale.<\/p>\n<p>Det b\u00f8r v\u00e6re mulig med et mer omfattende l\u00f8ypenett for ski i omr\u00e5det. John Stordalen tar kontakt med Finn Lund eller Hans J\u00f8rgen Jahren for \u00e5 unders\u00f8ke hvilke muligheter som finnes for forbedringer.<\/p>\n<p>Det blir medlemsm\u00f8te p\u00e5 grendehuset i \u00d8ygardsgrend l\u00f8rdag 28. juni kl 1800. Lidvard Hytta inviteres til \u00e5 holde et aktuelt foredrag med selvvalgt tema. Sekret\u00e6ren gj\u00f8r avtale. Stortingsrepresentant Terje Lien Aasland og ordf\u00f8rer Kirsten G. Hovda inviteres. Formannen gj\u00f8r avtale.<\/p>\n<p>Sak 3 Eventuelt<\/p>\n<p>Det var ingen saker under eventuelt.<\/p>\n<p>Grindene i Lier 24. mars 2008<\/p>\n<p>Halvor Bj\u00f8rnsrud<\/p>\n<p>VEDLEGG TIL S\u00d8KNAD OM KULTURMIDLER<br \/>\nFRA NORE OG UVDAL KOMMUNE 2008<br \/>\nTunhovdfjordens venner er en ideell forening som ble dannet i 2007. Dens form\u00e5l er \u00e5 trygge ressursgrunnlaget for naturopplevelse og fritidssysler i n\u00e6rmilj\u00f8et p\u00e5 og rundt Tunhovdfjorden. Foreningen ble organisert i fastere former med utgangspunkt i et folkem\u00f8te i \u00d8ygardsgrend sommeren 2006, der nesten 200 mennesker var til stede.<\/p>\n<p>Foreningens fremste m\u00e5l er \u00e5 sikre en rimelig vannstand i fjorden og hindre en brutal nedtapping som etterlater seg golde strender og vanskeliggj\u00f8r fiske og b\u00e5tliv, og som hindrer en rimelig utnyttelse av omr\u00e5det til hytteliv og turistform\u00e5l. Foreningens form\u00e5l og virke er beskrevet p\u00e5 dens nettsider, adresse www.finnerikvinje.no\/tunhovdfjorden . Der er ogs\u00e5 samlet en rekke fakta om livet p\u00e5 og i fjorden, og dessuten et knippe av h\u00e5ndfaste og forpliktende velvilje-erkl\u00e6ringer fra lokalpolitikere og andre.<\/p>\n<p>Sommeren 2006 arrangerte vi et meget godt bes\u00f8kt folkem\u00f8te som manifesterte viljen til \u00e5 forsvare Tunhovdfjorden som den naturperle den er i kommunen. Den gang deltok framst\u00e5ende kommunepolitikere, fylkespolitikere og stortingspolitikere med stort engasjement \u2013 og det var et samstemt \u00f8nske om vakthold omkring fjorden og de verdier knyttet til den. I juni 2008 tar vi opp tr\u00e5den, innkaller til nytt folkem\u00f8te og inviterer Terje Lien Aasland fra Stortingets energikomite til \u00e5 redegj\u00f8re for arbeidet med den nye energiloven. Ogs\u00e5 denne gang blir kommunepolitikerne i Nore og Uvdal invitert.<\/p>\n<p>Tunhovdfjordens venner virker over et vidt felt, og vi viser til v\u00e5r nettside. Her kan det nevnes at vi allerede har igangsatt arbeid med \u00e5 rydde og merke turstier i omr\u00e5det. Det er ogs\u00e5 planer under utvikling for \u00e5 f\u00e5 til en ordning med opparbeidelse og vedlikehold av turskil\u00f8yper. Men framfor alt holder vi \u00f8ye med vannstanden i fjorden, og vi arbeider for tiden med \u00e5 f\u00e5 i stand en kontinuerlig Internett-registrering av vannstand og vannf\u00f8ring.<br \/>\nH\u00f8sten 2006 s\u00f8kte vi Nore og Uvdal kommune om driftsmidler. Vi bad om 20 000 kroner og fikk 10 000 kroner. Det ble bl.a. henvist til at kontingenten var satt for lavt, og at hvert medlem m\u00e5 finne seg i \u00e5 yte mer enn de 50 kronene som var fastsatt som kontingent.<\/p>\n<p>Den innvendingen har styret tatt konsekvensen av, og kontingenten er n\u00e5 p\u00e5 100 kroner. De kommunale midler som foreningen fikk, har vi fortrinnsvis brukt til \u00e5 etablere en nettside, noe som i v\u00e5re dager er en forutsetning for tilfredsstillende informasjonsarbeid innad og utad. Foreningen drives naturligvis p\u00e5 frivillig basis, men vi har driftsutgifter (porto, telefoner, noe reisevirksomhet og andre m\u00f8teutgifter), og vi s\u00f8ker derfor om \u00f8konomisk st\u00f8tte fra Nore og Uvdal kommune, slik at det aktivitetsniv\u00e5 vi \u00f8nsker \u00e5 ligge p\u00e5, kan opprettholdes. Vi tillater oss \u00e5 s\u00f8ke om 10 000 kroner i st\u00f8tte fra kommunens kulturmidler. Regnskap for \u00e5ret 2007 er innsendt separat av v\u00e5r kasserer, Ole J\u00f8rgen Hallingstad.<\/p>\n<p>2008-04-07<br \/>\nFor Tunhovdfjordens venner<br \/>\nFinn-Erik Vinje<br \/>\nformann<\/p>\n","protected":false},"excerpt":{"rendered":"<p>STYREM\u00d8TE 21. MARS 2008 KL. 1800 P\u00c5\u00a0 FJELLVANG Dagsorden: Virksomheten hittil og arbeidsoppgaver framover. Forberedelse til et eventuelt m\u00f8te med LVK. Kontingent. Eventuelt. Finn-Erik Vinje Tunhovdfjordens venner &#8211;\u00a0\u00a0\u00a0\u00a0\u00a0\u00a0\u00a0 Referat fra styrem\u00f8te Dato og klokkeslett: 21. mars 2008 kl 1800 \u2013 2015 Sted: Fjellvang i \u00d8ygardsgrend Til stede: Finn-Erik Vinje, Arnt Jacobsen, Ole J\u00f8rgen Hallingstad, John [&hellip;]<\/p>\n","protected":false},"author":1,"featured_media":0,"parent":2,"menu_order":5,"comment_status":"open","ping_status":"open","template":"","meta":{"_monsterinsights_skip_tracking":false,"_monsterinsights_sitenote_active":false,"_monsterinsights_sitenote_note":"","_monsterinsights_sitenote_category":0,"footnotes":""},"class_list":["post-14","page","type-page","status-publish","hentry"],"_links":{"self":[{"href":"http:\/\/www.finnerikvinje.no\/tunhovdfjorden\/index.php?rest_route=\/wp\/v2\/pages\/14"}],"collection":[{"href":"http:\/\/www.finnerikvinje.no\/tunhovdfjorden\/index.php?rest_route=\/wp\/v2\/pages"}],"about":[{"href":"http:\/\/www.finnerikvinje.no\/tunhovdfjorden\/index.php?rest_route=\/wp\/v2\/types\/page"}],"author":[{"embeddable":true,"href":"http:\/\/www.finnerikvinje.no\/tunhovdfjorden\/index.php?rest_route=\/wp\/v2\/users\/1"}],"replies":[{"embeddable":true,"href":"http:\/\/www.finnerikvinje.no\/tunhovdfjorden\/index.php?rest_route=%2Fwp%2Fv2%2Fcomments&post=14"}],"version-history":[{"count":5,"href":"http:\/\/www.finnerikvinje.no\/tunhovdfjorden\/index.php?rest_route=\/wp\/v2\/pages\/14\/revisions"}],"predecessor-version":[{"id":165,"href":"http:\/\/www.finnerikvinje.no\/tunhovdfjorden\/index.php?rest_route=\/wp\/v2\/pages\/14\/revisions\/165"}],"up":[{"embeddable":true,"href":"http:\/\/www.finnerikvinje.no\/tunhovdfjorden\/index.php?rest_route=\/wp\/v2\/pages\/2"}],"wp:attachment":[{"href":"http:\/\/www.finnerikvinje.no\/tunhovdfjorden\/index.php?rest_route=%2Fwp%2Fv2%2Fmedia&parent=14"}],"curies":[{"name":"wp","href":"https:\/\/api.w.org\/{rel}","templated":true}]}}