{"id":12,"date":"2009-01-24T11:11:15","date_gmt":"2009-01-24T10:11:15","guid":{"rendered":"http:\/\/www.finnerikvinje.no\/tunhovdfjord\/?page_id=12"},"modified":"2009-04-14T18:06:32","modified_gmt":"2009-04-14T17:06:32","slug":"medlemsm%c3%b8te-280608","status":"publish","type":"page","link":"http:\/\/www.finnerikvinje.no\/tunhovdfjorden\/?page_id=12","title":{"rendered":"Referat fra medlemsm\u00f8te 28.06.08"},"content":{"rendered":"<p><span style=\"font-size: 14pt;\">Referat fra medlemsm\u00f8te i Fjellvang l\u00f8rdag 28. juni kl 1800<\/span><\/p>\n<p class=\"MsoNormal\" style=\"text-align: justify;\">Hovedtema for m\u00f8tet var hvilke muligheter vi har for \u00e5 p\u00e5virke sentrale og lokale myndigheter n\u00e5r konsesjon skal gis og man\u00f8vreringsreglement fastsettes. Hvordan skal man oppn\u00e5 en forsvarlig balanse mellom hensynet til kraftproduksjon og til naturforvaltning? P\u00e5 en slik bakgrunn var den sentrale delen av programmet et foredrag av stortingsrepresentant Terje Lien Aasland med f\u00f8lgende tittel: \u201dSkal natur og milj\u00f8 ofres p\u00e5 kraftkapitalens alter.\u201d?<\/p>\n<p class=\"MsoNormal\" style=\"text-align: justify;\"><em>F\u00f8rste punkt p\u00e5 programmet<\/em> var orientering om virksomheten ved formannen, Finn Erik Vinje. Han la vekt p\u00e5 at Tunhovdfjordens venner er en naturvernforening, som spesielt har som oppgave \u00e5 p\u00e5se at vannstanden holdes p\u00e5 en forsvarlig niv\u00e5 i sommer\/h\u00f8st halv\u00e5ret. Et viktig moment i denne sammenheng er \u00e5 finne balanse mellom vannstanden i Tunhovdfjorden og utslipp for \u00e5 opprettholde laksestammen\/laksefiske i Numedalsl\u00e5gen. Dette b\u00f8r v\u00e6re et tema til aktiv dr\u00f8fting for lokalpolitikere i Nore og Uvdal slik at ikke bare interessene til laksefisket blir synlige i storsamfunnet. Formannen skal ha et m\u00f8te om dette tema med LVK (Landssamanslutninga av vasskraftkommunar) i augusat, og der skal ogs\u00e5 ordf\u00f8rer Kirsten Hovda delta.<\/p>\n<p class=\"MsoNormal\" style=\"text-align: justify;\">Formannen opplyste om at medlemsavgift n\u00e5 var 100 kr pr medlem. Det var fra kommunepolitikeres side blitt p\u00e5pekt at kontingenten var for lav (50 kr). Den er n\u00e5 lagt p\u00e5 et mer passende niv\u00e5.<\/p>\n<p class=\"MsoNormal\" style=\"text-align: justify;\">Virksomheten har etablert tiltalende nettsider med nyttig informasjon for medlemmene og andre. Det har kommet inn b\u00e5de tekst og bilder fra flere av medlemmene. Ellers har foreningen hatt oppe saker som skil\u00f8yper p\u00e5 vestsidefjellet, lavere fartsgrense p\u00e5 vestsideveien og muligheter for \u00e5 legge ut vannf\u00f8ringen ved Labro p\u00e5 v\u00e5re nettsider.<\/p>\n<p class=\"MsoNormal\" style=\"text-align: justify;\"><em>Andre punkt p\u00e5 programmet<\/em> var hovedforedrag ved stortingsrepresentant Terje Lien Aasland, som har v\u00e6rt representant p\u00e5 Stortinget for Arbeiderpartiet siden 2005. Han innledet ved \u00e5 gi en oversikt over ulike sider ved kraftproduksjonen i Norge og Norden. Et viktig punkt var at siden 1991 har kraftproduksjonen v\u00e6rt sterkt styrt av markedet. Dette har medf\u00f8rt \u201dhardere og mer brutal\u201d belastning p\u00e5 vannmagasinene. Samtidig p\u00e5pekte han at Statsnett n\u00e5 mener vi ikke har en kraftkrise i v\u00e5rt land.<\/p>\n<p class=\"MsoNormal\" style=\"text-align: justify;\">Tunhovdfjorden ble sett p\u00e5 som en del av en samlet energiforsyning hvor flere hensyn skal ivaretas. Blant annet er vannf\u00f8ring i Numedalsl\u00e5gen og flomsikring slike hensyn. Samtidig skal konsesjonen fornyes i 2009. Da kan det v\u00e6re mulig \u00e5 trekke inn forhold som i bedre grad ivaretar vannstanden i Tunhovdfjorden gjennom sommer og h\u00f8st.<span> <\/span><\/p>\n<p class=\"MsoNormal\" style=\"text-align: justify;\">Aasland p\u00e5pekte noen viktige motsetninger. Det er gjerne motstand mot b\u00e5de utbygging av vannkraft, vindkraft, gasskraft og linjeframf\u00f8ring. Likevel er det slik at alle vil ha tilgang p\u00e5 elektrisitet. Vi vil forbruke elektrisitet men ikke tilrettelegge for mulig produksjon. Han trodde tida for de store vannkraftutbygginger var over, og at en etter hvert ville kommer over p\u00e5 annen produksjon. I dag er 99%<span> <\/span>av v\u00e5r produksjon av elektrisitet fra vannkraft.<\/p>\n<p class=\"MsoNormal\" style=\"text-align: justify;\">Det ble vist til at energiloven skal evalueres i n\u00e6r framtid. Her skal en blant annet ta stilling til hvordan markedet fungerer. Konsesjonsvilk\u00e5r fra 70-80 tallet er basert p\u00e5 oppdekningsplikt og ikke markedet. Dette medf\u00f8rer at en i dag kj\u00f8rer hardere i tider hvor en tidligere sparte p\u00e5 vannet. Dette blir et viktig tema i evalueringen.<\/p>\n<p class=\"MsoNormal\" style=\"text-align: justify;\">Foredraget ble avsluttet med at en i framtida m\u00e5 hensynet til natur og estetikk tillegges stor betydning. Revisjon av konsesjonsvilk\u00e5r og nye utbygginger m\u00e5 derfor ha dette perspektivet inkludert. Praktrisk sett b\u00f8r dette medf\u00f8re en minstevannstand i deler av \u00e5ret.<\/p>\n<p class=\"MsoNormal\" style=\"text-align: justify;\">Foredraget var meget interessant og ga perspektiver til b\u00e5de lokalsamfunnet ved Tunhovdfjorden og storsamfunnet. Sp\u00f8rsm\u00e5l fra salen dreide seg om flere sider ved at en minstevannstand i Tunhovdfjorden ble viktig \u00e5 ivareta. En slik l\u00f8sning vil ivareta milj\u00f8et i t\u00f8rr\u00e5r da problemene er spesielt stort. En m\u00e5 komme fram til en balanse mellom utslipp av vann og minstevannstand. Sagt p\u00e5 en annen m\u00e5te m\u00e5 salg av vannkraft til en viss grad la seg styre av Tunhovdfjordens behov for rimelig vannstand gjennom sommer og h\u00f8st. Slik sett vil natur og estetikk kunne tillegges st\u00f8rre betydning for trivsel i v\u00e5rt omr\u00e5de. Det ble ogs\u00e5 fremmet \u00f8nske om at vannstanden ved Labro legges ut p\u00e5 nettstedet til Tunhovdfjorden venner.<\/p>\n<p class=\"MsoNormal\" style=\"text-align: justify;\"><em>Etter hovedforedraget<\/em> holdt Lidvard Hytta et artig k\u00e5seri med tittelen: \u201dGlimt fra Tunhovdfjordens historie.\u201d Her ble det fortellinger om b\u00e5de \u201dTunhovdskrubben\u201d, utbygging av demningen samt om frakt av b\u00e5de folk, post og t\u00f8mmer. Historiene var hentet fra Hyttas bok \u201dTunhovd f\u00f8r og n\u00e5\u201d. Boka finnes blant annet i butikkene i \u00d8ygardsgrend\/Tunhovd og i bokhandelen p\u00e5 R\u00f8dberg.<\/p>\n<p class=\"MsoNormal\" style=\"text-align: justify;\">M\u00f8tet ble avsluttet med at kasserer hadde en gjennomgang av <em>regnskapet for 2007<\/em>. Foreningen har 140 medlemmer som har betalt kontingent for 2008. Det var 30 deltakere p\u00e5 m\u00f8tet.<\/p>\n<p>Lier 30. juni 2008<\/p>\n<p><span lang=\"DA\">Halvor Bj\u00f8rnsrud<br \/>\nsekret\u00e6r <span><br \/>\n<\/span><\/span><\/p>\n","protected":false},"excerpt":{"rendered":"<p>Referat fra medlemsm\u00f8te i Fjellvang l\u00f8rdag 28. juni kl 1800 Hovedtema for m\u00f8tet var hvilke muligheter vi har for \u00e5 p\u00e5virke sentrale og lokale myndigheter n\u00e5r konsesjon skal gis og man\u00f8vreringsreglement fastsettes. Hvordan skal man oppn\u00e5 en forsvarlig balanse mellom hensynet til kraftproduksjon og til naturforvaltning? P\u00e5 en slik bakgrunn var den sentrale delen av [&hellip;]<\/p>\n","protected":false},"author":1,"featured_media":0,"parent":2,"menu_order":4,"comment_status":"open","ping_status":"open","template":"","meta":{"_monsterinsights_skip_tracking":false,"_monsterinsights_sitenote_active":false,"_monsterinsights_sitenote_note":"","_monsterinsights_sitenote_category":0,"footnotes":""},"class_list":["post-12","page","type-page","status-publish","hentry"],"_links":{"self":[{"href":"http:\/\/www.finnerikvinje.no\/tunhovdfjorden\/index.php?rest_route=\/wp\/v2\/pages\/12"}],"collection":[{"href":"http:\/\/www.finnerikvinje.no\/tunhovdfjorden\/index.php?rest_route=\/wp\/v2\/pages"}],"about":[{"href":"http:\/\/www.finnerikvinje.no\/tunhovdfjorden\/index.php?rest_route=\/wp\/v2\/types\/page"}],"author":[{"embeddable":true,"href":"http:\/\/www.finnerikvinje.no\/tunhovdfjorden\/index.php?rest_route=\/wp\/v2\/users\/1"}],"replies":[{"embeddable":true,"href":"http:\/\/www.finnerikvinje.no\/tunhovdfjorden\/index.php?rest_route=%2Fwp%2Fv2%2Fcomments&post=12"}],"version-history":[{"count":8,"href":"http:\/\/www.finnerikvinje.no\/tunhovdfjorden\/index.php?rest_route=\/wp\/v2\/pages\/12\/revisions"}],"predecessor-version":[{"id":171,"href":"http:\/\/www.finnerikvinje.no\/tunhovdfjorden\/index.php?rest_route=\/wp\/v2\/pages\/12\/revisions\/171"}],"up":[{"embeddable":true,"href":"http:\/\/www.finnerikvinje.no\/tunhovdfjorden\/index.php?rest_route=\/wp\/v2\/pages\/2"}],"wp:attachment":[{"href":"http:\/\/www.finnerikvinje.no\/tunhovdfjorden\/index.php?rest_route=%2Fwp%2Fv2%2Fmedia&parent=12"}],"curies":[{"name":"wp","href":"https:\/\/api.w.org\/{rel}","templated":true}]}}