{"id":10,"date":"2009-01-24T11:10:39","date_gmt":"2009-01-24T10:10:39","guid":{"rendered":"http:\/\/www.finnerikvinje.no\/tunhovdfjord\/?page_id=10"},"modified":"2009-01-24T11:10:39","modified_gmt":"2009-01-24T10:10:39","slug":"om-tunhovdfjordens-venner","status":"publish","type":"page","link":"http:\/\/www.finnerikvinje.no\/tunhovdfjorden\/?page_id=10","title":{"rendered":"Om Tunhovdfjordens venner"},"content":{"rendered":"<p>Tunhovdfjordens venner er en interesseorganisasjon som vil fremme en forsvarlig forvaltning av Tunhovdfjorden og milj\u00f8et rundt den som en kilde til naturopplevelse, rekreasjon, b\u00e5tliv og fiske. Foreningens fremste oppgave er \u00e5 hindre brutal nedtapping av fjorden, med de konsekvenser det f\u00e5r for livet langs strendene. Men foreningen engasjerer seg ogs\u00e5 i andre trivsels- og milj\u00f8tiltak (rydding, kvisting og merking av turstier, opparbeidelse av skil\u00f8yper etc.).<\/p>\n<p>Alle med interesse for Tunhovdfjorden er velkomne som medlemmer: grunneiere, fastboende, hyttefolk og turister.<\/p>\n","protected":false},"excerpt":{"rendered":"<p>Tunhovdfjordens venner er en interesseorganisasjon som vil fremme en forsvarlig forvaltning av Tunhovdfjorden og milj\u00f8et rundt den som en kilde til naturopplevelse, rekreasjon, b\u00e5tliv og fiske. Foreningens fremste oppgave er \u00e5 hindre brutal nedtapping av fjorden, med de konsekvenser det f\u00e5r for livet langs strendene. Men foreningen engasjerer seg ogs\u00e5 i andre trivsels- og milj\u00f8tiltak [&hellip;]<\/p>\n","protected":false},"author":1,"featured_media":0,"parent":0,"menu_order":0,"comment_status":"open","ping_status":"open","template":"","meta":{"_monsterinsights_skip_tracking":false,"_monsterinsights_sitenote_active":false,"_monsterinsights_sitenote_note":"","_monsterinsights_sitenote_category":0,"footnotes":""},"class_list":["post-10","page","type-page","status-publish","hentry"],"_links":{"self":[{"href":"http:\/\/www.finnerikvinje.no\/tunhovdfjorden\/index.php?rest_route=\/wp\/v2\/pages\/10"}],"collection":[{"href":"http:\/\/www.finnerikvinje.no\/tunhovdfjorden\/index.php?rest_route=\/wp\/v2\/pages"}],"about":[{"href":"http:\/\/www.finnerikvinje.no\/tunhovdfjorden\/index.php?rest_route=\/wp\/v2\/types\/page"}],"author":[{"embeddable":true,"href":"http:\/\/www.finnerikvinje.no\/tunhovdfjorden\/index.php?rest_route=\/wp\/v2\/users\/1"}],"replies":[{"embeddable":true,"href":"http:\/\/www.finnerikvinje.no\/tunhovdfjorden\/index.php?rest_route=%2Fwp%2Fv2%2Fcomments&post=10"}],"version-history":[{"count":1,"href":"http:\/\/www.finnerikvinje.no\/tunhovdfjorden\/index.php?rest_route=\/wp\/v2\/pages\/10\/revisions"}],"predecessor-version":[{"id":11,"href":"http:\/\/www.finnerikvinje.no\/tunhovdfjorden\/index.php?rest_route=\/wp\/v2\/pages\/10\/revisions\/11"}],"wp:attachment":[{"href":"http:\/\/www.finnerikvinje.no\/tunhovdfjorden\/index.php?rest_route=%2Fwp%2Fv2%2Fmedia&parent=10"}],"curies":[{"name":"wp","href":"https:\/\/api.w.org\/{rel}","templated":true}]}}